{"id":2,"date":"2022-02-25T17:41:03","date_gmt":"2022-02-25T17:41:03","guid":{"rendered":"https:\/\/life2gether.de\/?page_id=2"},"modified":"2022-02-26T17:16:37","modified_gmt":"2022-02-26T17:16:37","slug":"sample-page","status":"publish","type":"page","link":"https:\/\/www.life2gether.de\/?page_id=2","title":{"rendered":"Motivation f\u00fcr Life2Gether"},"content":{"rendered":"\n<p>\u201eWir vermitteln kostenfreies Wohnen f\u00fcr Studenten und Azubis\u201c<br>Worum geht es?<br>Senioren leben h\u00e4ufig in Wohnungen, die f\u00fcr sie alleine oder zu zweit<br>eigentlich zu gro\u00df sind und zu viel Arbeit machen. Aber das vertraute<br>Heim haben sie sich hart erarbeitet und m\u00f6chten es gerne weiterhin<br>bewohnen. Junge Menschen hingegen suchen h\u00e4nderingend bezahlbaren<br>Wohnraum. Dieser ist jedoch leider schwer zu finden.<\/p>\n\n\n\n<p>Die L\u00f6sung: beide profitieren voneinander!<\/p>\n\n\n\n<p>Ihr bekommt ein kostenloses Zimmer in der Wohnung der Senioren und<br>helft ihnen im Gegenzug bei Haushaltst\u00e4tigkeiten und Eink\u00e4ufen.<br>Kurzum:<br>\u2013 Gemeinsames Leben von jung und alt<br>\u2013 kostenloses wohnen f\u00fcr Studenten und Azubis<br>\u2013 als Gegenleistung werden Haushaltst\u00e4tigkeiten (einkaufen, Hilfe bei<br>\u00dcberweisungen, staubsaugen,\u2026) f\u00fcr den Senioren \u00fcbernommen<br>\u2013 Win-Win-Situation f\u00fcr beide Generationen<br>\u2013 Erfahrungsaustausch und voneinander lernen<br><\/p>\n\n\n\n<blockquote class=\"wp-block-quote is-layout-flow wp-block-quote-is-layout-flow\"><p><\/p><\/blockquote>\n\n\n\n<figure class=\"wp-block-image size-full\"><img loading=\"lazy\" decoding=\"async\" width=\"855\" height=\"179\" src=\"https:\/\/www.life2gether.de\/wp-content\/uploads\/2022\/02\/Header_Y_Old_2_sw-1.png\" alt=\"\" class=\"wp-image-39\" srcset=\"https:\/\/www.life2gether.de\/wp-content\/uploads\/2022\/02\/Header_Y_Old_2_sw-1.png 855w, https:\/\/www.life2gether.de\/wp-content\/uploads\/2022\/02\/Header_Y_Old_2_sw-1-300x63.png 300w, https:\/\/www.life2gether.de\/wp-content\/uploads\/2022\/02\/Header_Y_Old_2_sw-1-768x161.png 768w\" sizes=\"auto, (max-width: 855px) 100vw, 855px\" \/><\/figure>\n","protected":false},"excerpt":{"rendered":"<p>\u201eWir vermitteln kostenfreies Wohnen f\u00fcr Studenten und Azubis\u201cWorum geht es?Senioren leben h\u00e4ufig in Wohnungen, die f\u00fcr sie alleine oder zu zweiteigentlich zu gro\u00df sind und zu viel Arbeit machen. Aber das vertrauteHeim haben sie sich hart erarbeitet und m\u00f6chten es gerne weiterhinbewohnen. Junge Menschen hingegen suchen h\u00e4nderingend bezahlbarenWohnraum. Dieser ist jedoch leider schwer zu finden. [&hellip;]<\/p>\n","protected":false},"author":1,"featured_media":0,"parent":0,"menu_order":0,"comment_status":"closed","ping_status":"closed","template":"","meta":{"footnotes":""},"class_list":["post-2","page","type-page","status-publish","hentry"],"_links":{"self":[{"href":"https:\/\/www.life2gether.de\/index.php?rest_route=\/wp\/v2\/pages\/2","targetHints":{"allow":["GET"]}}],"collection":[{"href":"https:\/\/www.life2gether.de\/index.php?rest_route=\/wp\/v2\/pages"}],"about":[{"href":"https:\/\/www.life2gether.de\/index.php?rest_route=\/wp\/v2\/types\/page"}],"author":[{"embeddable":true,"href":"https:\/\/www.life2gether.de\/index.php?rest_route=\/wp\/v2\/users\/1"}],"replies":[{"embeddable":true,"href":"https:\/\/www.life2gether.de\/index.php?rest_route=%2Fwp%2Fv2%2Fcomments&post=2"}],"version-history":[{"count":3,"href":"https:\/\/www.life2gether.de\/index.php?rest_route=\/wp\/v2\/pages\/2\/revisions"}],"predecessor-version":[{"id":40,"href":"https:\/\/www.life2gether.de\/index.php?rest_route=\/wp\/v2\/pages\/2\/revisions\/40"}],"wp:attachment":[{"href":"https:\/\/www.life2gether.de\/index.php?rest_route=%2Fwp%2Fv2%2Fmedia&parent=2"}],"curies":[{"name":"wp","href":"https:\/\/api.w.org\/{rel}","templated":true}]}}